{"id":80188,"date":"2015-09-09T11:09:12","date_gmt":"2015-09-09T09:09:12","guid":{"rendered":"https:\/\/www.digitalpoets.org\/?page_id=80188"},"modified":"2026-04-12T12:42:38","modified_gmt":"2026-04-12T10:42:38","slug":"start","status":"publish","type":"page","link":"https:\/\/www.digitalpoets.org\/de\/","title":{"rendered":"Start"},"content":{"rendered":"<div class=\"wpb-content-wrapper\"><p>[vc_row row_height_percent=&#8220;0&#8243; override_padding=&#8220;yes&#8220; h_padding=&#8220;2&#8243; top_padding=&#8220;3&#8243; bottom_padding=&#8220;0&#8243; overlay_alpha=&#8220;0&#8243; gutter_size=&#8220;100&#8243; column_width_percent=&#8220;100&#8243; shift_y=&#8220;0&#8243; z_index=&#8220;0&#8243; style=&#8220;inherited&#8220; row_name=&#8220;about&#8220;][vc_column column_width_percent=&#8220;100&#8243; align_horizontal=&#8220;align_center&#8220; gutter_size=&#8220;4&#8243; overlay_alpha=&#8220;100&#8243; shift_x=&#8220;0&#8243; shift_y=&#8220;0&#8243; z_index=&#8220;0&#8243; medium_width=&#8220;0&#8243; zoom_width=&#8220;0&#8243; zoom_height=&#8220;0&#8243; width=&#8220;1\/1&#8243;][vc_row_inner row_inner_height_percent=&#8220;0&#8243; overlay_alpha=&#8220;100&#8243; gutter_size=&#8220;3&#8243; shift_y=&#8220;0&#8243;][vc_column_inner column_width_use_pixel=&#8220;yes&#8220; align_horizontal=&#8220;align_center&#8220; gutter_size=&#8220;3&#8243; overlay_alpha=&#8220;100&#8243; shift_x=&#8220;0&#8243; shift_y=&#8220;0&#8243; shift_y_down=&#8220;0&#8243; z_index=&#8220;0&#8243; medium_width=&#8220;0&#8243; mobile_width=&#8220;0&#8243; zoom_width=&#8220;0&#8243; zoom_height=&#8220;0&#8243; mobile_width_full=&#8220;&#8220; width=&#8220;1\/1&#8243; column_width_pixel=&#8220;640&#8243;][vc_custom_heading text_transform=&#8220;capitalize&#8220; sub_lead=&#8220;yes&#8220; sub_reduced=&#8220;yes&#8220; text_align=&#8220;text-center&#8220; text_serif=&#8220;&#8220; subheading=&#8220;Internationales EDV-Dienstleistungsunternehmen mit Sitz in Oloron-Sainte-Marie in B\u00e9arn. Schw\u00e4bisches KnowHow im S\u00fcdwesten Frankreichs.&#8220;]Markus Kunze | Digital Poets[\/vc_custom_heading][\/vc_column_inner][\/vc_row_inner][\/vc_column][\/vc_row][vc_row unlock_row_content=&#8220;yes&#8220; row_height_percent=&#8220;0&#8243; override_padding=&#8220;yes&#8220; h_padding=&#8220;2&#8243; top_padding=&#8220;5&#8243; bottom_padding=&#8220;5&#8243; overlay_alpha=&#8220;0&#8243; gutter_size=&#8220;100&#8243; column_width_percent=&#8220;100&#8243; shift_y=&#8220;0&#8243; z_index=&#8220;0&#8243; style=&#8220;inherited&#8220;][vc_column column_width_percent=&#8220;75&#8243; align_horizontal=&#8220;align_center&#8220; gutter_size=&#8220;4&#8243; overlay_alpha=&#8220;100&#8243; shift_x=&#8220;0&#8243; shift_y=&#8220;0&#8243; shift_y_down=&#8220;0&#8243; z_index=&#8220;0&#8243; medium_width=&#8220;0&#8243; mobile_width=&#8220;0&#8243; zoom_width=&#8220;0&#8243; zoom_height=&#8220;0&#8243; width=&#8220;1\/1&#8243;][vc_row_inner row_inner_height_percent=&#8220;0&#8243; overlay_alpha=&#8220;100&#8243; gutter_size=&#8220;4&#8243; shift_y=&#8220;0&#8243; z_index=&#8220;0&#8243;][vc_column_inner column_width_percent=&#8220;100&#8243; gutter_size=&#8220;3&#8243; overlay_alpha=&#8220;100&#8243; shift_x=&#8220;0&#8243; shift_y=&#8220;0&#8243; shift_y_down=&#8220;0&#8243; z_index=&#8220;0&#8243; medium_width=&#8220;3&#8243; mobile_width=&#8220;0&#8243; zoom_width=&#8220;0&#8243; zoom_height=&#8220;0&#8243; width=&#8220;1\/3&#8243;][vc_icon position=&#8220;left&#8220; icon=&#8220;fa fa-globe&#8220; icon_color=&#8220;color-901798&#8243; size=&#8220;fa-2x&#8220; text_size=&#8220;h4&#8243; align=&#8220;left&#8220; title=&#8220;Erfahrung&#8220;]<span style=\"font-weight: 400;\">Zwei Jahrzehnte in der Web-Entwicklung und EDV. Moderne Designs und Software und immer ein Auge auf neuen Technologien und L\u00f6sungen.<\/span>[\/vc_icon][\/vc_column_inner][vc_column_inner column_width_percent=&#8220;100&#8243; gutter_size=&#8220;3&#8243; overlay_alpha=&#8220;100&#8243; shift_x=&#8220;0&#8243; shift_y=&#8220;0&#8243; z_index=&#8220;0&#8243; medium_width=&#8220;3&#8243; zoom_width=&#8220;0&#8243; zoom_height=&#8220;0&#8243; width=&#8220;1\/3&#8243;][vc_icon position=&#8220;left&#8220; icon=&#8220;fa fa-cogs&#8220; icon_color=&#8220;color-901798&#8243; size=&#8220;fa-2x&#8220; text_size=&#8220;h4&#8243; align=&#8220;left&#8220; title=&#8220;Entwicklung&#8220;]Erstellung von an Ihre Bed\u00fcrfnisse angepasste Webseiten und L\u00f6sungen. Alles ist f\u00fcr Suchmaschinen und nat\u00fcrliche Referenzierung (SEO) optimiert.[\/vc_icon][\/vc_column_inner][vc_column_inner column_width_percent=&#8220;100&#8243; gutter_size=&#8220;3&#8243; overlay_alpha=&#8220;100&#8243; shift_x=&#8220;0&#8243; shift_y=&#8220;0&#8243; z_index=&#8220;0&#8243; medium_width=&#8220;3&#8243; zoom_width=&#8220;0&#8243; zoom_height=&#8220;0&#8243; width=&#8220;1\/3&#8243;][vc_icon position=&#8220;left&#8220; icon=&#8220;fa fa-lightbulb-o&#8220; icon_color=&#8220;color-901798&#8243; size=&#8220;fa-2x&#8220; text_size=&#8220;h4&#8243; align=&#8220;left&#8220; title=&#8220;Strategie&#8220;]<span style=\"font-weight: 400;\">Ratschl\u00e4ge und L\u00f6sungen zur Verbesserung Ihres Umsatzes und Ihrer Bekanntheit unter Zuhilfenahme sozialer Netzwerke, Ihrer Website und \/ oder anderer Medien die f\u00fcr Sie interessant sein k\u00f6nnten.<\/span>[\/vc_icon][\/vc_column_inner][\/vc_row_inner][vc_row_inner row_inner_height_percent=&#8220;0&#8243; overlay_alpha=&#8220;100&#8243; gutter_size=&#8220;4&#8243; shift_y=&#8220;0&#8243; z_index=&#8220;0&#8243;][vc_column_inner column_width_percent=&#8220;100&#8243; gutter_size=&#8220;3&#8243; overlay_alpha=&#8220;100&#8243; shift_x=&#8220;0&#8243; shift_y=&#8220;0&#8243; z_index=&#8220;0&#8243; medium_width=&#8220;3&#8243; zoom_width=&#8220;0&#8243; zoom_height=&#8220;0&#8243; width=&#8220;1\/3&#8243;][vc_icon position=&#8220;left&#8220; icon=&#8220;fa fa-refresh&#8220; icon_color=&#8220;color-901798&#8243; size=&#8220;fa-2x&#8220; text_size=&#8220;h4&#8243; align=&#8220;left&#8220; title=&#8220;Relaunch&#8220;]L\u00f6sungen zur Aktualisierung Ihrer vorhandenen Webseite und zur Bereitstellung zus\u00e4tzlicher Elemente (Verkauf von Geschenkgutscheinen, Online-Reservierungen, etc)[\/vc_icon][\/vc_column_inner][vc_column_inner column_width_percent=&#8220;100&#8243; gutter_size=&#8220;3&#8243; overlay_alpha=&#8220;100&#8243; shift_x=&#8220;0&#8243; shift_y=&#8220;0&#8243; z_index=&#8220;0&#8243; medium_width=&#8220;3&#8243; zoom_width=&#8220;0&#8243; zoom_height=&#8220;0&#8243; width=&#8220;1\/3&#8243;][vc_icon position=&#8220;left&#8220; icon=&#8220;fa fa-wrench&#8220; icon_color=&#8220;color-901798&#8243; size=&#8220;fa-2x&#8220; text_size=&#8220;h4&#8243; align=&#8220;left&#8220; title=&#8220;Interventionen&#8220;]<span style=\"font-weight: 400;\"> Wartung und Reparatur von Soft- und Hardware in S\u00fcd West Frankreich und dem Umland von Oloron-Sainte-Marie in B\u00e9arn.<\/span>[\/vc_icon][\/vc_column_inner][vc_column_inner column_width_percent=&#8220;100&#8243; gutter_size=&#8220;3&#8243; overlay_alpha=&#8220;100&#8243; shift_x=&#8220;0&#8243; shift_y=&#8220;0&#8243; z_index=&#8220;0&#8243; medium_width=&#8220;3&#8243; zoom_width=&#8220;0&#8243; zoom_height=&#8220;0&#8243; width=&#8220;1\/3&#8243;][vc_icon position=&#8220;left&#8220; icon=&#8220;fa fa-line-chart&#8220; icon_color=&#8220;color-901798&#8243; size=&#8220;fa-2x&#8220; text_size=&#8220;h4&#8243; align=&#8220;left&#8220; title=&#8220;E-commerce&#8220;]Integration von SAS-L\u00f6sungen wie Gutscheinverkauf- oder Onlinebuchungs oder Shopsystemen. Beratung in Community Management und Web Marketing.[\/vc_icon][\/vc_column_inner][\/vc_row_inner][\/vc_column][\/vc_row][vc_row row_height_percent=&#8220;35&#8243; override_padding=&#8220;yes&#8220; h_padding=&#8220;2&#8243; top_padding=&#8220;2&#8243; bottom_padding=&#8220;2&#8243; back_color=&#8220;color-wayh&#8220; overlay_alpha=&#8220;50&#8243; gutter_size=&#8220;3&#8243; column_width_percent=&#8220;100&#8243; shift_y=&#8220;0&#8243; z_index=&#8220;0&#8243;][vc_column column_width_use_pixel=&#8220;yes&#8220; position_vertical=&#8220;middle&#8220; align_horizontal=&#8220;align_center&#8220; gutter_size=&#8220;3&#8243; style=&#8220;dark&#8220; overlay_alpha=&#8220;50&#8243; shift_x=&#8220;0&#8243; shift_y=&#8220;0&#8243; shift_y_down=&#8220;0&#8243; z_index=&#8220;0&#8243; medium_width=&#8220;0&#8243; mobile_width=&#8220;0&#8243; width=&#8220;1\/1&#8243; column_width_pixel=&#8220;900&#8243;][vc_custom_heading text_color=&#8220;color-615889&#8243; heading_semantic=&#8220;h6&#8243; text_size=&#8220;h6&#8243; text_transform=&#8220;uppercase&#8220;]Ich l\u00f6se Probleme[\/vc_custom_heading][vc_custom_heading heading_semantic=&#8220;h3&#8243; text_size=&#8220;h1&#8243; uncode_shortcode_id=&#8220;968210&#8243;]Wenn Sie Unterst\u00fctzung bei der Modernisierung Ihrer digitalen Infrastruktur ben\u00f6tigen, lassen Sie uns einen Termin vereinbaren um herauszufinden , ob ich Ihnen eventuell weiter helfen kann![\/vc_custom_heading][vc_button button_color=&#8220;color-615889&#8243; text_skin=&#8220;yes&#8220; border_width=&#8220;0&#8243; link=&#8220;url:https%3A%2F%2Fcalendly.com%2Fdigitalpoets%2F15min%20_blank|target:_blank|rel:nofollow&#8220; button_color_type=&#8220;uncode-palette&#8220; uncode_shortcode_id=&#8220;808017&#8243;]Termin vereinbaren[\/vc_button][\/vc_column][\/vc_row][vc_row row_height_percent=&#8220;0&#8243; overlay_alpha=&#8220;50&#8243; gutter_size=&#8220;3&#8243; column_width_percent=&#8220;100&#8243; shift_y=&#8220;0&#8243; z_index=&#8220;0&#8243;][vc_column width=&#8220;1\/1&#8243;][vc_custom_heading]<\/p>\n<h2 style=\"text-align: center;\">Einige meiner Arbeiten<\/h2>\n<p>[\/vc_custom_heading][vc_gallery el_id=&#8220;gallery-100540&#8243; medias=&#8220;79826,79841,79820,79874,79835,79862,79838,79823,79832&#8243; explode_albums=&#8220;yes&#8220; gutter_size=&#8220;3&#8243; media_items=&#8220;media|nolink|original,icon&#8220; screen_lg=&#8220;1000&#8243; screen_md=&#8220;600&#8243; screen_sm=&#8220;480&#8243; single_overlay_opacity=&#8220;50&#8243; single_padding=&#8220;2&#8243;][\/vc_column][\/vc_row][vc_row unlock_row_content=&#8220;yes&#8220; row_height_percent=&#8220;55&#8243; override_padding=&#8220;yes&#8220; h_padding=&#8220;0&#8243; top_padding=&#8220;6&#8243; bottom_padding=&#8220;6&#8243; back_color=&#8220;color-nhtu&#8220; back_image=&#8220;79019&#8243; overlay_color=&#8220;color-nhtu&#8220; overlay_alpha=&#8220;40&#8243; gutter_size=&#8220;100&#8243; column_width_percent=&#8220;100&#8243; shift_y=&#8220;0&#8243; z_index=&#8220;0&#8243; style=&#8220;inherited&#8220;][vc_column column_width_percent=&#8220;100&#8243; position_vertical=&#8220;middle&#8220; align_horizontal=&#8220;align_center&#8220; gutter_size=&#8220;3&#8243; style=&#8220;dark&#8220; overlay_alpha=&#8220;100&#8243; shift_x=&#8220;0&#8243; shift_y=&#8220;0&#8243; shift_y_down=&#8220;0&#8243; z_index=&#8220;0&#8243; medium_width=&#8220;0&#8243; mobile_width=&#8220;0&#8243; zoom_width=&#8220;0&#8243; zoom_height=&#8220;0&#8243; width=&#8220;1\/1&#8243;][vc_gallery el_id=&#8220;gallery-356778&#8243; type=&#8220;carousel&#8220; medias=&#8220;79853&#8243; carousel_lg=&#8220;1&#8243; carousel_md=&#8220;1&#8243; carousel_sm=&#8220;1&#8243; gutter_size=&#8220;0&#8243; media_items=&#8220;&#8220; carousel_autoh=&#8220;yes&#8220; carousel_type=&#8220;fade&#8220; carousel_interval=&#8220;5000&#8243; carousel_navspeed=&#8220;400&#8243; carousel_dots=&#8220;yes&#8220; carousel_dots_mobile=&#8220;yes&#8220; carousel_textual=&#8220;yes&#8220; stage_padding=&#8220;10&#8243; single_overlay_opacity=&#8220;50&#8243; single_padding=&#8220;2&#8243; single_title_dimension=&#8220;h3&#8243; single_title_weight=&#8220;400&#8243; single_css_animation=&#8220;zoom-in&#8220; single_animation_delay=&#8220;200&#8243; carousel_twitter=&#8220;yes&#8220; title=&#8220;Bewertungen&#8220;][\/vc_column][\/vc_row][vc_row unlock_row_content=&#8220;yes&#8220; row_height_percent=&#8220;0&#8243; override_padding=&#8220;yes&#8220; h_padding=&#8220;2&#8243; top_padding=&#8220;0&#8243; bottom_padding=&#8220;0&#8243; back_color=&#8220;color-wayh&#8220; overlay_alpha=&#8220;0&#8243; gutter_size=&#8220;100&#8243; column_width_percent=&#8220;100&#8243; border_color=&#8220;color-gyho&#8220; border_style=&#8220;solid&#8220; shift_y=&#8220;0&#8243; z_index=&#8220;0&#8243; mobile_visibility=&#8220;yes&#8220; style=&#8220;inherited&#8220;][vc_column column_width_percent=&#8220;100&#8243; position_vertical=&#8220;middle&#8220; align_horizontal=&#8220;align_center&#8220; gutter_size=&#8220;2&#8243; override_padding=&#8220;yes&#8220; column_padding=&#8220;4&#8243; style=&#8220;dark&#8220; overlay_alpha=&#8220;100&#8243; shift_x=&#8220;0&#8243; shift_y=&#8220;0&#8243; z_index=&#8220;0&#8243; medium_width=&#8220;0&#8243; zoom_width=&#8220;0&#8243; zoom_height=&#8220;0&#8243; width=&#8220;1\/1&#8243;][vc_row_inner row_inner_height_percent=&#8220;0&#8243; overlay_alpha=&#8220;50&#8243; gutter_size=&#8220;3&#8243; shift_y=&#8220;0&#8243;][vc_column_inner column_width_percent=&#8220;100&#8243; position_vertical=&#8220;middle&#8220; align_horizontal=&#8220;align_center&#8220; gutter_size=&#8220;0&#8243; style=&#8220;dark&#8220; font_family=&#8220;font-762333&#8243; overlay_alpha=&#8220;50&#8243; shift_x=&#8220;0&#8243; shift_y=&#8220;0&#8243; z_index=&#8220;0&#8243; medium_width=&#8220;2&#8243; zoom_width=&#8220;0&#8243; zoom_height=&#8220;0&#8243; width=&#8220;1\/4&#8243;][uncode_counter value=&#8220;24&#8243; counter_color=&#8220;color-xsdn&#8220; size=&#8220;h1&#8243; weight=&#8220;600&#8243; text=&#8220;Langj\u00e4hrige Erfahrung&#8220; css_animation=&#8220;zoom-out&#8220; animation_delay=&#8220;200&#8243; dimension=&#8220;h1&#8243; uncode_shortcode_id=&#8220;782256&#8243; counter_color_type=&#8220;uncode-palette&#8220;][\/vc_column_inner][vc_column_inner column_width_percent=&#8220;100&#8243; position_vertical=&#8220;middle&#8220; align_horizontal=&#8220;align_center&#8220; gutter_size=&#8220;0&#8243; style=&#8220;dark&#8220; font_family=&#8220;font-762333&#8243; overlay_alpha=&#8220;50&#8243; shift_x=&#8220;0&#8243; shift_y=&#8220;0&#8243; z_index=&#8220;0&#8243; medium_width=&#8220;2&#8243; zoom_width=&#8220;0&#8243; zoom_height=&#8220;0&#8243; width=&#8220;1\/4&#8243;][uncode_counter value=&#8220;127&#8243; counter_color=&#8220;color-xsdn&#8220; size=&#8220;h1&#8243; weight=&#8220;600&#8243; text=&#8220;Projekte&#8220; css_animation=&#8220;zoom-out&#8220; animation_delay=&#8220;600&#8243; dimension=&#8220;h1&#8243; uncode_shortcode_id=&#8220;918065&#8243; counter_color_type=&#8220;uncode-palette&#8220;][\/vc_column_inner][vc_column_inner column_width_percent=&#8220;100&#8243; position_vertical=&#8220;middle&#8220; align_horizontal=&#8220;align_center&#8220; gutter_size=&#8220;0&#8243; style=&#8220;dark&#8220; font_family=&#8220;font-762333&#8243; overlay_alpha=&#8220;50&#8243; shift_x=&#8220;0&#8243; shift_y=&#8220;0&#8243; z_index=&#8220;0&#8243; medium_width=&#8220;2&#8243; zoom_width=&#8220;0&#8243; zoom_height=&#8220;0&#8243; width=&#8220;1\/4&#8243;][uncode_counter value=&#8220;0&#8243; counter_color=&#8220;color-xsdn&#8220; size=&#8220;h1&#8243; weight=&#8220;600&#8243; text=&#8220;Unzufriedene Kunden&#8220; css_animation=&#8220;zoom-out&#8220; dimension=&#8220;h1&#8243;][\/vc_column_inner][vc_column_inner column_width_percent=&#8220;100&#8243; position_vertical=&#8220;middle&#8220; align_horizontal=&#8220;align_center&#8220; gutter_size=&#8220;0&#8243; style=&#8220;dark&#8220; font_family=&#8220;font-762333&#8243; overlay_alpha=&#8220;50&#8243; shift_x=&#8220;0&#8243; shift_y=&#8220;0&#8243; z_index=&#8220;0&#8243; medium_width=&#8220;2&#8243; zoom_width=&#8220;0&#8243; zoom_height=&#8220;0&#8243; width=&#8220;1\/4&#8243;][uncode_counter value=&#8220;23328&#8243; counter_color=&#8220;color-xsdn&#8220; size=&#8220;h1&#8243; weight=&#8220;600&#8243; text=&#8220;Kaffee Tassen&#8220; css_animation=&#8220;zoom-out&#8220; animation_delay=&#8220;400&#8243; dimension=&#8220;h1&#8243; uncode_shortcode_id=&#8220;106656&#8243; counter_color_type=&#8220;uncode-palette&#8220;][\/vc_column_inner][\/vc_row_inner][\/vc_column][\/vc_row][vc_row row_height_percent=&#8220;0&#8243; override_padding=&#8220;yes&#8220; h_padding=&#8220;2&#8243; top_padding=&#8220;3&#8243; bottom_padding=&#8220;3&#8243; overlay_alpha=&#8220;100&#8243; gutter_size=&#8220;3&#8243; column_width_percent=&#8220;100&#8243; border_color=&#8220;color-gyho&#8220; border_style=&#8220;solid&#8220; shift_y=&#8220;0&#8243; z_index=&#8220;0&#8243; row_name=&#8220;clients&#8220;][vc_column column_width_percent=&#8220;100&#8243; align_horizontal=&#8220;align_center&#8220; gutter_size=&#8220;3&#8243; overlay_alpha=&#8220;100&#8243; shift_x=&#8220;0&#8243; shift_y=&#8220;0&#8243; z_index=&#8220;0&#8243; medium_width=&#8220;0&#8243; zoom_width=&#8220;0&#8243; zoom_height=&#8220;0&#8243; width=&#8220;1\/1&#8243;][vc_gallery el_id=&#8220;gallery-85457&#8243; type=&#8220;carousel&#8220; medias=&#8220;79817,80304,79793,79856,79814,79811,79802,79808,79784,79805,79799,80291,79796,79787&#8243; carousel_lg=&#8220;7&#8243; carousel_md=&#8220;5&#8243; carousel_sm=&#8220;3&#8243; gutter_size=&#8220;3&#8243; media_items=&#8220;media|nolink|original,icon&#8220; carousel_interval=&#8220;3000&#8243; carousel_navspeed=&#8220;400&#8243; carousel_loop=&#8220;yes&#8220; stage_padding=&#8220;0&#8243; single_overlay_opacity=&#8220;50&#8243; single_overlay_anim=&#8220;no&#8220; single_text_anim=&#8220;no&#8220; single_image_anim=&#8220;no&#8220; single_padding=&#8220;2&#8243; single_border=&#8220;yes&#8220; title=&#8220;Kunden&#8220;][\/vc_column][\/vc_row]<\/p>\n<\/div>","protected":false},"excerpt":{"rendered":"<p>[vc_row row_height_percent=&#8220;0&#8243; override_padding=&#8220;yes&#8220; h_padding=&#8220;2&#8243; top_padding=&#8220;3&#8243; bottom_padding=&#8220;0&#8243; overlay_alpha=&#8220;0&#8243; gutter_size=&#8220;100&#8243; column_width_percent=&#8220;100&#8243; shift_y=&#8220;0&#8243; z_index=&#8220;0&#8243; style=&#8220;inherited&#8220; row_name=&#8220;about&#8220;][vc_column column_width_percent=&#8220;100&#8243; align_horizontal=&#8220;align_center&#8220; gutter_size=&#8220;4&#8243; overlay_alpha=&#8220;100&#8243; shift_x=&#8220;0&#8243; shift_y=&#8220;0&#8243; z_index=&#8220;0&#8243; [&hellip;]<\/p>\n","protected":false},"author":1,"featured_media":79877,"parent":0,"menu_order":0,"comment_status":"closed","ping_status":"closed","template":"","meta":{"om_disable_all_campaigns":false,"_monsterinsights_skip_tracking":false,"_monsterinsights_sitenote_active":false,"_monsterinsights_sitenote_note":"","_monsterinsights_sitenote_category":0,"footnotes":""},"class_list":["post-80188","page","type-page","status-publish","has-post-thumbnail","hentry","page_category-digitalpoets-de"],"aioseo_notices":[],"jetpack_sharing_enabled":true,"_links":{"self":[{"href":"https:\/\/www.digitalpoets.org\/de\/wp-json\/wp\/v2\/pages\/80188","targetHints":{"allow":["GET"]}}],"collection":[{"href":"https:\/\/www.digitalpoets.org\/de\/wp-json\/wp\/v2\/pages"}],"about":[{"href":"https:\/\/www.digitalpoets.org\/de\/wp-json\/wp\/v2\/types\/page"}],"author":[{"embeddable":true,"href":"https:\/\/www.digitalpoets.org\/de\/wp-json\/wp\/v2\/users\/1"}],"replies":[{"embeddable":true,"href":"https:\/\/www.digitalpoets.org\/de\/wp-json\/wp\/v2\/comments?post=80188"}],"version-history":[{"count":5,"href":"https:\/\/www.digitalpoets.org\/de\/wp-json\/wp\/v2\/pages\/80188\/revisions"}],"predecessor-version":[{"id":80505,"href":"https:\/\/www.digitalpoets.org\/de\/wp-json\/wp\/v2\/pages\/80188\/revisions\/80505"}],"wp:featuredmedia":[{"embeddable":true,"href":"https:\/\/www.digitalpoets.org\/de\/wp-json\/wp\/v2\/media\/79877"}],"wp:attachment":[{"href":"https:\/\/www.digitalpoets.org\/de\/wp-json\/wp\/v2\/media?parent=80188"}],"curies":[{"name":"wp","href":"https:\/\/api.w.org\/{rel}","templated":true}]}}